{"id":67,"date":"2016-06-14T05:20:40","date_gmt":"2016-06-14T05:20:40","guid":{"rendered":"http:\/\/sw-themes.com\/porto_dummy\/?page_id=67"},"modified":"2020-04-16T18:59:05","modified_gmt":"2020-04-16T18:59:05","slug":"services","status":"publish","type":"page","link":"https:\/\/infortocha.com\/?page_id=67","title":{"rendered":"Servi\u00e7os"},"content":{"rendered":"<p>[vc_row][vc_column][vc_custom_heading text=&#8221;OS NOSSOS <strong>SERVI\u00c7OS<\/strong>&#8221; use_theme_fonts=&#8221;yes&#8221;][\/vc_column][\/vc_row][vc_row][vc_column][vc_column_text el_class=&#8221;featured lead&#8221;]<\/p>\n<p align=\"justify\">Na Infortocha acreditamos que cada empresa, cada organiza\u00e7\u00e3o, cada l\u00edder de equipas, cada empres\u00e1rio, se deve concentrar no n\u00facleo duro do seu neg\u00f3cio. Muitas empresas n\u00e3o t\u00eam dimens\u00e3o para absorver na sua estrutura uma equipa dedicada \u00e0s Tecnologias e Sistemas de Informa\u00e7\u00e3o com as compet\u00eancias suficientes em cada \u00e1rea (e estas \u00e1reas s\u00e3o cada vez mais diversas nas organiza\u00e7\u00f5es). O estabelecimento de verdadeiras parcerias com os fornecedores de solu\u00e7\u00f5es de sistemas de informa\u00e7\u00e3o \u00e9, ent\u00e3o, essencial numa perspectiva de otimiza\u00e7\u00e3o de custos de desenho, explora\u00e7\u00e3o e manuten\u00e7\u00e3o dessas mesmas solu\u00e7\u00f5es.<\/p>\n<p>[\/vc_column_text][\/vc_column][\/vc_row][vc_row][vc_column width=&#8221;1\/3&#8243;][vc_separator color=&#8221;custom&#8221; gap=&#8221;tall&#8221; gradient=&#8221;yes&#8221;]<div class=\"porto-sicon-wrapper style_1\"><div class=\"porto-sicon-box default-icon\" style=\"\"  ><div class=\"porto-sicon-default\"><div id=\"porto-icon-43817679769f441aa6df49\" class=\"porto-just-icon-wrapper  \"><div class=\"align-icon\" style=\"text-align:center;\">\n<div class=\"porto-sicon-img \" style=\"font-size:48px;display:inline-block;\" >\n\t<img class=\"img-icon\" alt=\"\" src=\"https:\/\/infortocha.com\/wp-content\/uploads\/2020\/04\/apoiocliente.png\"\/>\n<\/div><\/div><\/div><\/div><div class=\"porto-sicon-header\" ><h3 class=\"porto-sicon-title\" style=\"\">Apoio ao Cliente<\/h3><\/div> <!-- header --><\/div> <!-- porto-sicon-box --><\/div>[vc_column_text]<\/p>\n<p align=\"justify\">Dada a complexidade da nossa \u00e1rea de atividade, procuramos assistir os nossos clientes de v\u00e1rias formas e as mais vantajosas, disponibilizando um servi\u00e7o de qualidade quer seja nas nossas instala\u00e7\u00f5es ou nas instala\u00e7\u00f5es do cliente, via telefone ou remotamente.<\/p>\n<p>[\/vc_column_text][\/vc_column][vc_column width=&#8221;1\/3&#8243;][vc_separator color=&#8221;custom&#8221; gap=&#8221;tall&#8221; gradient=&#8221;yes&#8221;]<div class=\"porto-sicon-wrapper style_1\"><div class=\"porto-sicon-box default-icon\" style=\"\"  ><div class=\"porto-sicon-default\"><div id=\"porto-icon-206224158969f441aa6e293\" class=\"porto-just-icon-wrapper  \"><div class=\"align-icon\" style=\"text-align:center;\">\n<div class=\"porto-sicon-img \" style=\"font-size:48px;display:inline-block;\" >\n\t<img class=\"img-icon\" alt=\"\" src=\"https:\/\/infortocha.com\/wp-content\/uploads\/2020\/04\/assistenciaconsultoria.png\"\/>\n<\/div><\/div><\/div><\/div><div class=\"porto-sicon-header\" ><h3 class=\"porto-sicon-title\" style=\"\">Assist\u00eancia e Consultoria<\/h3><\/div> <!-- header --><\/div> <!-- porto-sicon-box --><\/div>[vc_column_text]<\/p>\n<p align=\"justify\">Servi\u00e7os de consultoria inform\u00e1tica, atrav\u00e9s da implementa\u00e7\u00e3o de solu\u00e7\u00f5es de melhoria e simplifica\u00e7\u00e3o da gest\u00e3o das TI. Utilizando sempre as mais recentes tecnologias do mercado.<\/p>\n<p>[\/vc_column_text][\/vc_column][vc_column width=&#8221;1\/3&#8243;][vc_separator color=&#8221;custom&#8221; gap=&#8221;tall&#8221; gradient=&#8221;yes&#8221;]<div class=\"porto-sicon-wrapper style_1\"><div class=\"porto-sicon-box default-icon\" style=\"\"  ><div class=\"porto-sicon-default\"><div id=\"porto-icon-89865208369f441aa6e55e\" class=\"porto-just-icon-wrapper  \"><div class=\"align-icon\" style=\"text-align:center;\">\n<div class=\"porto-sicon-img \" style=\"font-size:48px;display:inline-block;\" >\n\t<img class=\"img-icon\" alt=\"\" src=\"https:\/\/infortocha.com\/wp-content\/uploads\/2020\/04\/ferramenta.png\"\/>\n<\/div><\/div><\/div><\/div><div class=\"porto-sicon-header\" ><h3 class=\"porto-sicon-title\" style=\"\">Manuten\u00e7\u00e3o e Repara\u00e7\u00e3o de Equipamentos<\/h3><\/div> <!-- header --><\/div> <!-- porto-sicon-box --><\/div>[vc_column_text]<\/p>\n<p align=\"justify\">Reparamos computadores de secret\u00e1ria\/desktops, port\u00e1teis, servidores ou POS de fatura\u00e7\u00e3o. As nossas assist\u00eancias podem ser prestadas pessoalmente ou remotamente, consoante a necessidade do cliente.<\/p>\n<p>[\/vc_column_text][\/vc_column][\/vc_row][vc_row][vc_column width=&#8221;1\/3&#8243;][vc_separator color=&#8221;custom&#8221; gap=&#8221;tall&#8221; gradient=&#8221;yes&#8221;]<div class=\"porto-sicon-wrapper style_1\"><div class=\"porto-sicon-box default-icon\" style=\"\"  ><div class=\"porto-sicon-default\"><div id=\"porto-icon-74873174769f441aa6e7bc\" class=\"porto-just-icon-wrapper  \"><div class=\"align-icon\" style=\"text-align:center;\">\n<div class=\"porto-sicon-img \" style=\"font-size:48px;display:inline-block;\" >\n\t<img class=\"img-icon\" alt=\"\" src=\"https:\/\/infortocha.com\/wp-content\/uploads\/2020\/04\/backups.png\"\/>\n<\/div><\/div><\/div><\/div><div class=\"porto-sicon-header\" ><h3 class=\"porto-sicon-title\" style=\"\">Backups e Recupera\u00e7\u00e3o de Dados<\/h3><\/div> <!-- header --><\/div> <!-- porto-sicon-box --><\/div>[vc_column_text]<\/p>\n<p align=\"justify\">A seguran\u00e7a da informa\u00e7\u00e3o em caso de desastre de um sistema \u00e9 um requisito incontorn\u00e1vel em qualquer empresa. As c\u00f3pias de seguran\u00e7a s\u00e3o a forma mais r\u00e1pida de salvaguardar a informa\u00e7\u00e3o de qualquer neg\u00f3cio.<\/p>\n<p>[\/vc_column_text][\/vc_column][vc_column width=&#8221;1\/3&#8243;][vc_separator color=&#8221;custom&#8221; gap=&#8221;tall&#8221; gradient=&#8221;yes&#8221;]<div class=\"porto-sicon-wrapper style_1\"><div class=\"porto-sicon-box default-icon\" style=\"\"  ><div class=\"porto-sicon-default\"><div id=\"porto-icon-120511707769f441aa6ea2c\" class=\"porto-just-icon-wrapper  \"><div class=\"align-icon\" style=\"text-align:center;\">\n<div class=\"porto-sicon-img \" style=\"font-size:48px;display:inline-block;\" >\n\t<img class=\"img-icon\" alt=\"\" src=\"https:\/\/infortocha.com\/wp-content\/uploads\/2020\/04\/redes.png\"\/>\n<\/div><\/div><\/div><\/div><div class=\"porto-sicon-header\" ><h3 class=\"porto-sicon-title\" style=\"\">Redes Ethernet e Wireless<\/h3><\/div> <!-- header --><\/div> <!-- porto-sicon-box --><\/div>[vc_column_text]<\/p>\n<p align=\"justify\">As infraestruturas de cablagem, s\u00e3o a principal forma de interliga\u00e7\u00e3o dos equipamentos de comunica\u00e7\u00f5es e TI. Temos conhecimento e as solu\u00e7\u00f5es t\u00e9cnicas mais adequadas para integrar projetos de infraestruturas com garantia.<\/p>\n<p>[\/vc_column_text][\/vc_column][vc_column width=&#8221;1\/3&#8243;][vc_separator color=&#8221;custom&#8221; gap=&#8221;tall&#8221; gradient=&#8221;yes&#8221;]<div class=\"porto-sicon-wrapper style_1\"><div class=\"porto-sicon-box default-icon\" style=\"\"  ><div class=\"porto-sicon-default\"><div id=\"porto-icon-2080274169f441aa6ec66\" class=\"porto-just-icon-wrapper  \"><div class=\"align-icon\" style=\"text-align:center;\">\n<div class=\"porto-sicon-img \" style=\"font-size:48px;display:inline-block;\" >\n\t<img class=\"img-icon\" alt=\"\" src=\"https:\/\/infortocha.com\/wp-content\/uploads\/2020\/04\/software.png\"\/>\n<\/div><\/div><\/div><\/div><div class=\"porto-sicon-header\" ><h3 class=\"porto-sicon-title\" style=\"\">Software de Gest\u00e3o e POS<\/h3><\/div> <!-- header --><\/div> <!-- porto-sicon-box --><\/div>[vc_column_text]<\/p>\n<p align=\"justify\">Somos parceiros t\u00e9cnicos de v\u00e1rias gamas de software de gest\u00e3o certificado. Enquanto parceiros, comercializamos e implementamos solu\u00e7\u00f5es para todo o tipo de \u00e1rea de neg\u00f3cio.<\/p>\n<p>[\/vc_column_text][\/vc_column][\/vc_row][vc_row][vc_column width=&#8221;1\/3&#8243;][vc_separator color=&#8221;custom&#8221; gap=&#8221;tall&#8221; gradient=&#8221;yes&#8221;]<div class=\"porto-sicon-wrapper style_1\"><div class=\"porto-sicon-box default-icon\" style=\"\"  ><div class=\"porto-sicon-default\"><div id=\"porto-icon-45789671869f441aa6eeb5\" class=\"porto-just-icon-wrapper  \"><div class=\"align-icon\" style=\"text-align:center;\">\n<div class=\"porto-sicon-img \" style=\"font-size:48px;display:inline-block;\" >\n\t<img class=\"img-icon\" alt=\"\" src=\"https:\/\/infortocha.com\/wp-content\/uploads\/2020\/04\/servidores.png\"\/>\n<\/div><\/div><\/div><\/div><div class=\"porto-sicon-header\" ><h3 class=\"porto-sicon-title\" style=\"\">Servidores Windows e Linux<\/h3><\/div> <!-- header --><\/div> <!-- porto-sicon-box --><\/div>[vc_column_text]<\/p>\n<p align=\"justify\">No planeamento de solu\u00e7\u00f5es empresariais utilizamos o melhor que cada tecnologia tem para oferecer. Temos a capacidade de recomendar e de realizar a instala\u00e7\u00e3o, manuten\u00e7\u00e3o e configura\u00e7\u00e3o de servidores Linux e Windows.<\/p>\n<p>[\/vc_column_text][\/vc_column][vc_column width=&#8221;1\/3&#8243;][vc_separator color=&#8221;custom&#8221; gap=&#8221;tall&#8221; gradient=&#8221;yes&#8221;]<div class=\"porto-sicon-wrapper style_1\"><div class=\"porto-sicon-box default-icon\" style=\"\"  ><div class=\"porto-sicon-default\"><div id=\"porto-icon-183693808469f441aa6f101\" class=\"porto-just-icon-wrapper  \"><div class=\"align-icon\" style=\"text-align:center;\">\n<div class=\"porto-sicon-img \" style=\"font-size:48px;display:inline-block;\" >\n\t<img class=\"img-icon\" alt=\"\" src=\"https:\/\/infortocha.com\/wp-content\/uploads\/2020\/04\/siteslojas.png\"\/>\n<\/div><\/div><\/div><\/div><div class=\"porto-sicon-header\" ><h3 class=\"porto-sicon-title\" style=\"\">Websites e Lojas Online<\/h3><\/div> <!-- header --><\/div> <!-- porto-sicon-box --><\/div>[vc_column_text]<\/p>\n<p align=\"justify\">Concebemos e planeamos todas as fases, formas e funcionalidades do seu projeto web. Desenvolvemos projetos de apresenta\u00e7\u00e3o institucional, implementamos solu\u00e7\u00f5es e-commerce e integramos o seu software de gest\u00e3o ao ambiente web.<\/p>\n<p>[\/vc_column_text][\/vc_column][vc_column width=&#8221;1\/3&#8243;][vc_separator color=&#8221;custom&#8221; gap=&#8221;tall&#8221; gradient=&#8221;yes&#8221;]<div class=\"porto-sicon-wrapper style_1\"><div class=\"porto-sicon-box default-icon\" style=\"\"  ><div class=\"porto-sicon-default\"><div id=\"porto-icon-70256534869f441aa6f32c\" class=\"porto-just-icon-wrapper  \"><div class=\"align-icon\" style=\"text-align:center;\">\n<div class=\"porto-sicon-img \" style=\"font-size:48px;display:inline-block;\" >\n\t<img class=\"img-icon\" alt=\"\" src=\"https:\/\/infortocha.com\/wp-content\/uploads\/2020\/04\/redessociais.png\"\/>\n<\/div><\/div><\/div><\/div><div class=\"porto-sicon-header\" ><h3 class=\"porto-sicon-title\" style=\"\">Marketing e Redes Sociais<\/h3><\/div> <!-- header --><\/div> <!-- porto-sicon-box --><\/div>[vc_column_text]<\/p>\n<p align=\"justify\">Marketing Digital \u00e9 umas das melhores formas de fortalecer a sua imagem, a comunica\u00e7\u00e3o com potenciais clientes e, por consequ\u00eancia, as suas vendas, atrav\u00e9s da cria\u00e7\u00e3o e distribui\u00e7\u00e3o de conte\u00fado relevante, constante, coerente e de valor.<\/p>\n<p>[\/vc_column_text][\/vc_column][\/vc_row][vc_row full_width=&#8221;stretch_row&#8221; wrap_container=&#8221;yes&#8221; el_class=&#8221;home-intro&#8221;][vc_column width=&#8221;2\/3&#8243;][vc_column_text el_class=&#8221;m-b-none&#8221;]<strong>A forma mais r\u00e1pida de expandir o sue neg\u00f3cio com especialistas em <em>Tecnologia<\/em><\/strong>[\/vc_column_text][\/vc_column][vc_column width=&#8221;1\/3&#8243; el_class=&#8221;get-started&#8221;][vc_btn title=&#8221;Contacte-nos!&#8221; size=&#8221;lg&#8221; skin=&#8221;primary&#8221; link=&#8221;url:https%3A%2F%2Finfortocha.com%2F%3Fpage_id%3D75|title:Contactos||&#8221; el_class=&#8221;m-b-none&#8221;][\/vc_column][\/vc_row]<\/p>\n","protected":false},"excerpt":{"rendered":"<p>[vc_row][vc_column][vc_custom_heading text=&#8221;OS NOSSOS SERVI\u00c7OS&#8221; use_theme_fonts=&#8221;yes&#8221;][\/vc_column][\/vc_row][vc_row][vc_column][vc_column_text el_class=&#8221;featured lead&#8221;] Na Infortocha acreditamos que cada empresa, cada organiza\u00e7\u00e3o, cada l\u00edder de equipas, cada empres\u00e1rio, se deve concentrar no n\u00facleo duro do seu neg\u00f3cio. Muitas empresas n\u00e3o t\u00eam dimens\u00e3o para absorver na sua estrutura uma equipa dedicada \u00e0s Tecnologias e Sistemas de Informa\u00e7\u00e3o com as compet\u00eancias suficientes em cada [&hellip;]<\/p>\n","protected":false},"author":1,"featured_media":0,"parent":0,"menu_order":0,"comment_status":"closed","ping_status":"closed","template":"","meta":{"footnotes":""},"_links":{"self":[{"href":"https:\/\/infortocha.com\/index.php?rest_route=\/wp\/v2\/pages\/67"}],"collection":[{"href":"https:\/\/infortocha.com\/index.php?rest_route=\/wp\/v2\/pages"}],"about":[{"href":"https:\/\/infortocha.com\/index.php?rest_route=\/wp\/v2\/types\/page"}],"author":[{"embeddable":true,"href":"https:\/\/infortocha.com\/index.php?rest_route=\/wp\/v2\/users\/1"}],"replies":[{"embeddable":true,"href":"https:\/\/infortocha.com\/index.php?rest_route=%2Fwp%2Fv2%2Fcomments&post=67"}],"version-history":[{"count":21,"href":"https:\/\/infortocha.com\/index.php?rest_route=\/wp\/v2\/pages\/67\/revisions"}],"predecessor-version":[{"id":1168,"href":"https:\/\/infortocha.com\/index.php?rest_route=\/wp\/v2\/pages\/67\/revisions\/1168"}],"wp:attachment":[{"href":"https:\/\/infortocha.com\/index.php?rest_route=%2Fwp%2Fv2%2Fmedia&parent=67"}],"curies":[{"name":"wp","href":"https:\/\/api.w.org\/{rel}","templated":true}]}}