{"id":1124,"date":"2020-04-13T11:19:23","date_gmt":"2020-04-13T11:19:23","guid":{"rendered":"https:\/\/infortocha.com\/?page_id=1124"},"modified":"2020-04-13T11:19:23","modified_gmt":"2020-04-13T11:19:23","slug":"politica-de-cookies","status":"publish","type":"page","link":"https:\/\/infortocha.com\/?page_id=1124","title":{"rendered":"Pol\u00edtica de Cookies"},"content":{"rendered":"<ol>\n<li><strong> Introdu\u00e7\u00e3o<\/strong><\/li>\n<\/ol>\n<p>Este s\u00edtio da internet utiliza Cookies apenas com a finalidade de melhorar e otimizar a experi\u00eancia dos seus utilizadores.<\/p>\n<p>&nbsp;<\/p>\n<ol start=\"2\">\n<li><strong> O que s\u00e3o Cookies?<\/strong><\/li>\n<\/ol>\n<p>S\u00e3o ficheiros de tamanho bastante reduzido que cont\u00eam informa\u00e7\u00e3o relevante para a navega\u00e7\u00e3o neste s\u00edtio da internet. Estes ficheiros s\u00e3o carregados pelo dispositivo usado para aceder a este s\u00edtio da internet (smartphone, computador, tablet, etc) atrav\u00e9s do navegador de internet (web browser) durante a visita do utilizador ao s\u00edtio da internet.<\/p>\n<p>Os Cookies permitem:<\/p>\n<ul>\n<li>Assegurar o correto funcionamento das p\u00e1ginas web.<\/li>\n<li>Guardar prefer\u00eancias do utilizador (ex: idioma escolhido, tamanho de letra, etc).<\/li>\n<li>Obter informa\u00e7\u00e3o acerca da experi\u00eancia de navega\u00e7\u00e3o proporcionada ao utilizador.<\/li>\n<li>Obter informa\u00e7\u00e3o estat\u00edstica an\u00f3nima acerca das p\u00e1ginas visitadas pelos utilizadores, tempo despendido no s\u00edtio da internet.<\/li>\n<\/ul>\n<p>&nbsp;<\/p>\n<ol start=\"3\">\n<li><strong> Objetivos do uso de Cookies<\/strong><\/li>\n<\/ol>\n<p>Os objetivos do uso de Cookies neste s\u00edtio da internet s\u00e3o:<\/p>\n<ul>\n<li>Assegurar que funciona corretamente<\/li>\n<li>Facilitar a navega\u00e7\u00e3o e melhorar a experi\u00eancia do utilizador.<\/li>\n<\/ul>\n<p>O uso de cookies permite que a navega\u00e7\u00e3o do s\u00edtio na internet seja constantemente otimizada de forma a proporcionar uma experi\u00eancia com elevada qualidade e que supere a qualidade obtida na visita anterior por parte do utilizador.<\/p>\n<p>&nbsp;<\/p>\n<ol start=\"4\">\n<li><strong> Tipologia e funcionalidade<\/strong><\/li>\n<\/ol>\n<p>De acordo com a sua perman\u00eancia, os cookies podem dividir-se em dois tipos:<\/p>\n<p>Cookies de sess\u00e3o:<\/p>\n<ul>\n<li>Expiram no momento em que a janela do navegador web \u00e9 fechada. S\u00e3o usados para fazer a liga\u00e7\u00e3o das a\u00e7\u00f5es do utilizador durante a sess\u00e3o.<\/li>\n<\/ul>\n<p>Cookies persistentes:<\/p>\n<ul>\n<li>Expiram quando a sua tarefa ou fun\u00e7\u00e3o \u00e9 desempenhada na totalidade, a sua validade expira ou s\u00e3o removidos de forma manual pelo utilizador. Ser\u00e3o reativadas em cada visita ao s\u00edtio na internet.<\/li>\n<\/ul>\n<p>De acordo com o seu objetivo, podem ainda ser classificados da seguinte forma:<\/p>\n<p>Estritamente necess\u00e1rios ou essenciais:<\/p>\n<ul>\n<li>S\u00e3o cookies essenciais para o funcionamento do s\u00edtio da internet. S\u00e3o respons\u00e1veis por garantir o correto funcionamento e visualiza\u00e7\u00e3o do s\u00edtio da internet. S\u00e3o ativados em resposta \u00e0s a\u00e7\u00f5es dos utilizadores tais como o procedimento de in\u00edcio de sess\u00e3o ou preenchimento de formul\u00e1rios.<\/li>\n<\/ul>\n<p>Desempenho:<\/p>\n<ul>\n<li>Dedicados a recolher dados estat\u00edsticos sobre o desempenho do s\u00edtio da internet. N\u00e3o s\u00e3o recolhidos dados de utilizadores, apenas par\u00e2metros de poss\u00edveis erros ou de desempenho de funcionalidades novas que possam estar a ser ou tenham sido implementadas no s\u00edtio da internet.<\/li>\n<\/ul>\n<p>Funcionalidade:<\/p>\n<ul>\n<li>S\u00e3o usados principalmente para dar suporte a funcionalidades do s\u00edtio da internet, podendo memorizar algumas informa\u00e7\u00f5es do utilizador, tais como o idioma escolhido, personaliza\u00e7\u00e3o da \u00e1rea do cliente, etc.<\/li>\n<\/ul>\n<p>Publicidade ou de alvo espec\u00edfico:<\/p>\n<ul>\n<li>S\u00e3o usados para registar as p\u00e1ginas que o utilizador visualizou e as liga\u00e7\u00f5es que este seguiu, de forma a fornecer ao utilizador os conte\u00fados publicit\u00e1rios mais relevantes ou interessantes para este. Esta informa\u00e7\u00e3o pode ser partilhada com terceiros e usada para avaliar a taxa de sucesso de campanhas publicit\u00e1rias.<\/li>\n<\/ul>\n<p>&nbsp;<\/p>\n<p>Nota: Quaisquer s\u00edtios da internet de terceiros podem conter este tipo de cookies sobre os quais n\u00e3o detemos qualquer controlo.<\/p>\n<p>&nbsp;<\/p>\n<ol start=\"5\">\n<li><strong> Bloquear o uso de Cookies<\/strong><\/li>\n<\/ol>\n<p>Caso o utilizador pretenda, este pode desativar a funcionalidade de cookies do navegador ou limitar o uso de cookies para um servi\u00e7o em particular.<\/p>\n<p>Habitualmente, todas as altera\u00e7\u00f5es ao n\u00edvel do navegador web referentes \u00e0 forma como s\u00e3o utilizados e\/ou s\u00e3o aceites os cookies podem ser realizadas na sec\u00e7\u00e3o de \u201cOp\u00e7\u00f5es\u201d ou \u201cPrefer\u00eancias do navegador\u201d.<\/p>\n<p>Seguem as instru\u00e7\u00f5es para bloquear o uso de cookies para os navegadores de internet mais comuns:<\/p>\n<p>Google Chrome:<\/p>\n<ul>\n<li><a href=\"http:\/\/support.google.com\/chrome\/bin\/answer.py?hl=pt&amp;answer=95647\">http:\/\/support.google.com\/chrome\/bin\/answer.py?hl=pt&amp;answer=95647<\/a><\/li>\n<\/ul>\n<p>Internet Explorer:<\/p>\n<ul>\n<li><a href=\"http:\/\/windows.microsoft.com\/pt-pt\/windows7\/how-to-manage-cookies-in-internet-explorer-9\">http:\/\/windows.microsoft.com\/pt-pt\/windows7\/how-to-manage-cookies-in-internet-explorer-9<\/a><\/li>\n<\/ul>\n<p>Mozilla Firefox:<\/p>\n<ul>\n<li><a href=\"https:\/\/support.mozilla.org\/pt-PT\/kb\/ativar-e-desativar-cookies-que-os-websites-utiliza\">https:\/\/support.mozilla.org\/pt-PT\/kb\/ativar-e-desativar-cookies-que-os-websites-utiliza<\/a><\/li>\n<\/ul>\n<p>Apple Safari:<\/p>\n<ul>\n<li><a href=\"https:\/\/support.apple.com\/pt-pt\/HT201265\">https:\/\/support.apple.com\/pt-pt\/HT201265<\/a><\/li>\n<\/ul>\n<p>Os utilizadores podem optar por n\u00e3o partilhar os seus dados com os servi\u00e7os Google. Para tal devem aceder ao Ads Preferences Manager e ao Analytics Opt-out Browser Add-on.<\/p>\n<p>Al\u00e9m dos meios acima descritos para os diferentes navegadores de internet, o utilizador poder\u00e1 ainda recorrer a ferramentas espec\u00edficas para o tratamento de cookies.<\/p>\n<p>&nbsp;<\/p>\n<ol start=\"6\">\n<li><strong> Consequ\u00eancias do bloqueio de Cookies neste s\u00edtio da internet<\/strong><\/li>\n<\/ol>\n<p>Ao serem bloqueados parcialmente ou na totalidade os cookies utilizados neste s\u00edtio da internet, algumas funcionalidades e\/ou servi\u00e7os podem deixar de funcionar corretamente ou apresentar um comportamento diferente do esperado (ex: prefer\u00eancias do utilizador, ou da \u00e1rea do cliente n\u00e3o serem guardadas ou carregadas corretamente).<\/p>\n<p>Se o utilizador bloquear o uso de Cookies neste s\u00edtio da internet \u00e9 bastante prov\u00e1vel que deixe de poder aceder a certas zonas do s\u00edtio da internet ou que a sua experi\u00eancia de navega\u00e7\u00e3o no s\u00edtio se degrade consideravelmente.<\/p>\n<p>&nbsp;<\/p>\n<ol start=\"7\">\n<li><strong> Garantias adicionais e revoga\u00e7\u00e3o da aceita\u00e7\u00e3o<\/strong><\/li>\n<\/ol>\n<p>A InforTocha n\u00e3o se responsabiliza pelo conte\u00fado e veracidade das pol\u00edticas de privacidade de quaisquer componentes de terceiros que se encontrem inclu\u00eddos neste sitio da internet.<\/p>\n<p>O uso e registo de cookies neste s\u00edtio da internet poder\u00e1 estar sujeito \u00e0 aceita\u00e7\u00e3o de Cookies por parte do utilizador durante a sua visita a este s\u00edtio da internet, \u00e0 instala\u00e7\u00e3o ou atualiza\u00e7\u00e3o do navegador usado. Esta aceita\u00e7\u00e3o pode a qualquer momento ser revogada mediante as op\u00e7\u00f5es de configura\u00e7\u00e3o de conte\u00fados e privacidade j\u00e1 referidas no ponto 4 da presente pol\u00edtica.<\/p>\n<p>&nbsp;<\/p>\n<ol start=\"8\">\n<li><strong> Altera\u00e7\u00e3o da Pol\u00edtica de Cookies<\/strong><\/li>\n<\/ol>\n<p>A InforTocha reserva-se no direito de modificar esta Pol\u00edtica de cookies em fun\u00e7\u00e3o de exig\u00eancias legislativas ou regulamentares de acordo com a lei em vigor.<\/p>\n<p>Todas as altera\u00e7\u00f5es significativas a esta pol\u00edtica ser\u00e3o devidamente comunicadas aos utilizadores do s\u00edtio da internet.<\/p>\n<p>Dado que esta Pol\u00edtica de Cookies pode ser revista a qualquer momento, de acordo com o crit\u00e9rio acima descrito, a InforTocha recomenda aos seus utilizadores que revejam as Pol\u00edticas de Cookies periodicamente de forma a ficarem informados sobre a Pol\u00edtica de Cookies em vigor. A Pol\u00edtica de Cookies modificada entrar\u00e1 em vigor automaticamente a partir da data da sua revis\u00e3o.<\/p>\n","protected":false},"excerpt":{"rendered":"<p>Introdu\u00e7\u00e3o Este s\u00edtio da internet utiliza Cookies apenas com a finalidade de melhorar e otimizar a experi\u00eancia dos seus utilizadores. &nbsp; O que s\u00e3o Cookies? S\u00e3o ficheiros de tamanho bastante reduzido que cont\u00eam informa\u00e7\u00e3o relevante para a navega\u00e7\u00e3o neste s\u00edtio da internet. Estes ficheiros s\u00e3o carregados pelo dispositivo usado para aceder a este s\u00edtio da [&hellip;]<\/p>\n","protected":false},"author":1,"featured_media":0,"parent":0,"menu_order":0,"comment_status":"closed","ping_status":"closed","template":"","meta":{"footnotes":""},"_links":{"self":[{"href":"https:\/\/infortocha.com\/index.php?rest_route=\/wp\/v2\/pages\/1124"}],"collection":[{"href":"https:\/\/infortocha.com\/index.php?rest_route=\/wp\/v2\/pages"}],"about":[{"href":"https:\/\/infortocha.com\/index.php?rest_route=\/wp\/v2\/types\/page"}],"author":[{"embeddable":true,"href":"https:\/\/infortocha.com\/index.php?rest_route=\/wp\/v2\/users\/1"}],"replies":[{"embeddable":true,"href":"https:\/\/infortocha.com\/index.php?rest_route=%2Fwp%2Fv2%2Fcomments&post=1124"}],"version-history":[{"count":1,"href":"https:\/\/infortocha.com\/index.php?rest_route=\/wp\/v2\/pages\/1124\/revisions"}],"predecessor-version":[{"id":1125,"href":"https:\/\/infortocha.com\/index.php?rest_route=\/wp\/v2\/pages\/1124\/revisions\/1125"}],"wp:attachment":[{"href":"https:\/\/infortocha.com\/index.php?rest_route=%2Fwp%2Fv2%2Fmedia&parent=1124"}],"curies":[{"name":"wp","href":"https:\/\/api.w.org\/{rel}","templated":true}]}}